{"id":1254,"date":"2018-10-31T10:42:01","date_gmt":"2018-10-31T09:42:01","guid":{"rendered":"http:\/\/blog.fuenfter.de\/?page_id=1254"},"modified":"2018-11-01T17:13:28","modified_gmt":"2018-11-01T16:13:28","slug":"%e7%b5%84%e7%85%a7%e7%89%87","status":"publish","type":"page","link":"http:\/\/blog.fuenfter.de\/?page_id=1254","title":{"rendered":"\u591a\u5e74\u4f86\u7684\u706b\u8eca"},"content":{"rendered":"<p>(Der Zug im Laufe der Jahre)<\/p>\n<p>\u00dcber die Zeit hat sich unser Zug ordentlich ver\u00e4ndert. Jungs sind gekommen, Jungs sind gegangen. Oder auch mal gegangen worden. Die Haare wurden mal l\u00e4nger, mal k\u00fcrzer. Die Mitglieder dicker und d\u00fcnner. Nachfolgend eine Galerie mit Fotos aus allen Jahren.<\/p>\nngg_shortcode_0_placeholder\n","protected":false},"excerpt":{"rendered":"<p>(Der Zug im Laufe der Jahre) \u00dcber die Zeit hat sich unser Zug ordentlich ver\u00e4ndert. Jungs sind gekommen, Jungs sind<\/p>\n","protected":false},"author":1,"featured_media":0,"parent":0,"menu_order":0,"comment_status":"closed","ping_status":"closed","template":"","meta":{"ngg_post_thumbnail":0,"footnotes":""},"class_list":["post-1254","page","type-page","status-publish","hentry","comments-off"],"_links":{"self":[{"href":"http:\/\/blog.fuenfter.de\/index.php?rest_route=\/wp\/v2\/pages\/1254","targetHints":{"allow":["GET"]}}],"collection":[{"href":"http:\/\/blog.fuenfter.de\/index.php?rest_route=\/wp\/v2\/pages"}],"about":[{"href":"http:\/\/blog.fuenfter.de\/index.php?rest_route=\/wp\/v2\/types\/page"}],"author":[{"embeddable":true,"href":"http:\/\/blog.fuenfter.de\/index.php?rest_route=\/wp\/v2\/users\/1"}],"replies":[{"embeddable":true,"href":"http:\/\/blog.fuenfter.de\/index.php?rest_route=%2Fwp%2Fv2%2Fcomments&post=1254"}],"version-history":[{"count":4,"href":"http:\/\/blog.fuenfter.de\/index.php?rest_route=\/wp\/v2\/pages\/1254\/revisions"}],"predecessor-version":[{"id":1328,"href":"http:\/\/blog.fuenfter.de\/index.php?rest_route=\/wp\/v2\/pages\/1254\/revisions\/1328"}],"wp:attachment":[{"href":"http:\/\/blog.fuenfter.de\/index.php?rest_route=%2Fwp%2Fv2%2Fmedia&parent=1254"}],"curies":[{"name":"wp","href":"https:\/\/api.w.org\/{rel}","templated":true}]}}