{"id":12,"date":"2018-10-01T10:07:34","date_gmt":"2018-10-01T10:07:34","guid":{"rendered":"http:\/\/blog.fuenfter.de\/?page_id=12"},"modified":"2025-06-17T16:34:05","modified_gmt":"2025-06-17T14:34:05","slug":"kp","status":"publish","type":"page","link":"http:\/\/blog.fuenfter.de\/?page_id=12","title":{"rendered":"Unsere Majest\u00e4t"},"content":{"rendered":"<p><img loading=\"lazy\" decoding=\"async\" src=\"http:\/\/blog.fuenfter.de\/wp-content\/uploads\/2025\/06\/koenig_2025-244x300.jpg\" alt=\"\" width=\"244\" height=\"300\" class=\"alignleft size-medium wp-image-9720\" srcset=\"http:\/\/blog.fuenfter.de\/wp-content\/uploads\/2025\/06\/koenig_2025-244x300.jpg 244w, http:\/\/blog.fuenfter.de\/wp-content\/uploads\/2025\/06\/koenig_2025-832x1024.jpg 832w, http:\/\/blog.fuenfter.de\/wp-content\/uploads\/2025\/06\/koenig_2025-768x945.jpg 768w, http:\/\/blog.fuenfter.de\/wp-content\/uploads\/2025\/06\/koenig_2025-1248x1536.jpg 1248w, http:\/\/blog.fuenfter.de\/wp-content\/uploads\/2025\/06\/koenig_2025-1664x2048.jpg 1664w\" sizes=\"auto, (max-width: 244px) 100vw, 244px\" \/><\/p>\n<p>Majest\u00e4t 2024\/25:<br \/>\nSM Thomas IV. mit K\u00f6nigin Wiebke<\/p>\n<p><\/p>\n<p>Weitere Errungenschaften:<\/p>\n<ul>\n<li>Kopf: Ralf<\/li>\n<li>linker Fl\u00fcgel: Thomas H.<\/li>\n<li>rechter Fl\u00fcgel: Marc<\/li>\n<li>Schweif: Thomas S.<\/li>\n<li>Bester Sch\u00fctze: Swen<\/li>\n<li>Damen-Pokal: Tina<\/li>\n<\/ul>\n","protected":false},"excerpt":{"rendered":"<p>Majest\u00e4t 2024\/25: SM Thomas IV. mit K\u00f6nigin Wiebke Weitere Errungenschaften: Kopf: Ralf linker Fl\u00fcgel: Thomas H. rechter Fl\u00fcgel: Marc Schweif:<\/p>\n","protected":false},"author":1,"featured_media":0,"parent":0,"menu_order":0,"comment_status":"closed","ping_status":"closed","template":"","meta":{"ngg_post_thumbnail":0,"footnotes":""},"class_list":["post-12","page","type-page","status-publish","hentry","comments-off"],"_links":{"self":[{"href":"http:\/\/blog.fuenfter.de\/index.php?rest_route=\/wp\/v2\/pages\/12","targetHints":{"allow":["GET"]}}],"collection":[{"href":"http:\/\/blog.fuenfter.de\/index.php?rest_route=\/wp\/v2\/pages"}],"about":[{"href":"http:\/\/blog.fuenfter.de\/index.php?rest_route=\/wp\/v2\/types\/page"}],"author":[{"embeddable":true,"href":"http:\/\/blog.fuenfter.de\/index.php?rest_route=\/wp\/v2\/users\/1"}],"replies":[{"embeddable":true,"href":"http:\/\/blog.fuenfter.de\/index.php?rest_route=%2Fwp%2Fv2%2Fcomments&post=12"}],"version-history":[{"count":43,"href":"http:\/\/blog.fuenfter.de\/index.php?rest_route=\/wp\/v2\/pages\/12\/revisions"}],"predecessor-version":[{"id":9723,"href":"http:\/\/blog.fuenfter.de\/index.php?rest_route=\/wp\/v2\/pages\/12\/revisions\/9723"}],"wp:attachment":[{"href":"http:\/\/blog.fuenfter.de\/index.php?rest_route=%2Fwp%2Fv2%2Fmedia&parent=12"}],"curies":[{"name":"wp","href":"https:\/\/api.w.org\/{rel}","templated":true}]}}